{"id":16497,"date":"2023-07-26T18:33:35","date_gmt":"2023-07-26T18:33:35","guid":{"rendered":"https:\/\/swingintonic.com\/?post_type=product&#038;p=16497"},"modified":"2023-07-26T18:43:15","modified_gmt":"2023-07-26T18:43:15","slug":"va-sonando","status":"publish","type":"product","link":"https:\/\/swingintonic.com\/es\/producto\/va-sonando\/","title":{"rendered":"Va sonando"},"content":{"rendered":"<p>Despu\u00e9s de 9 meses de arduo trabajo y dedicaci\u00f3n, la banda se enorgullece en presentar su \u00e1lbum debut, que consta de 8 cautivadoras canciones. La diversidad ling\u00fc\u00edstica es una de las caracter\u00edsticas distintivas de esta producci\u00f3n, con canciones escritas en espa\u00f1ol, italiano e ingl\u00e9s. Adem\u00e1s, el \u00e1lbum cuenta con la colaboraci\u00f3n especial de V\u00edctor \u00c1vila en el saxo alto y Salvatore Licitra en la tuba, quienes aportan su magia a la singular versi\u00f3n de \u00abBella Ciao\u00bb.<\/p>\n<p>Una de las joyas de este \u00e1lbum es el tema \u00abBlue Mama\u00bb, en el cual la banda se une al talentoso coro de Gospel Goizargi para rememorar los sonidos del blues y el gospel de los a\u00f1os 50. Esta colaboraci\u00f3n excepcional ha resultado en una canci\u00f3n emocionante y conmovedora que transporta a los oyentes a una \u00e9poca dorada de la m\u00fasica.<\/p>\n<p>Otro aspecto destacado de esta producci\u00f3n es la remezcla electro-swing del reconocido pianista y DJ Chelu Garc\u00eda, de Gresionera Records. Su habilidad para fusionar diferentes estilos y crear una experiencia musical electrificante ha dejado una marca indeleble en esta producci\u00f3n.<\/p>\n<p>Este \u00e1lbum ha sido inspirado y so\u00f1ado en las hermosas islas de Ibiza y Formentera, cuyos paisajes y vibraciones \u00fanicas se han traducido en cada nota musical. La banda espera llevar su m\u00fasica a nuevos p\u00fablicos y seguir encantando a todos aquellos que escuchen sus melod\u00edas inolvidables.<\/p>\n","protected":false},"excerpt":{"rendered":"<p>\u00a1Swing, blues, jazz y electro-swing se fusionan en la vibrante m\u00fasica de la banda de Ibiza!<\/p>\n<ul>\n<li><strong>Grabacion y edici\u00f3n:<\/strong> Pedro J. Gonzalez<\/li>\n<li><strong>Estudios:<\/strong> Can Cala<\/li>\n<li><strong>Mezcla y mastering:<\/strong> Alfonso Samos<\/li>\n<li><strong>Producciones: <\/strong>Foto y dise\u00f1o Salva Carb\u00f3<\/li>\n<\/ul>\n","protected":false},"featured_media":16502,"template":"","meta":[],"product_brand":[],"product_cat":[82],"product_tag":[],"class_list":{"0":"post-16497","1":"product","2":"type-product","3":"status-publish","4":"has-post-thumbnail","6":"product_cat-sin-categorizar","8":"first","9":"instock","10":"taxable","11":"shipping-taxable","12":"purchasable","13":"product-type-variable"},"_links":{"self":[{"href":"https:\/\/swingintonic.com\/es\/wp-json\/wp\/v2\/product\/16497","targetHints":{"allow":["GET"]}}],"collection":[{"href":"https:\/\/swingintonic.com\/es\/wp-json\/wp\/v2\/product"}],"about":[{"href":"https:\/\/swingintonic.com\/es\/wp-json\/wp\/v2\/types\/product"}],"wp:featuredmedia":[{"embeddable":true,"href":"https:\/\/swingintonic.com\/es\/wp-json\/wp\/v2\/media\/16502"}],"wp:attachment":[{"href":"https:\/\/swingintonic.com\/es\/wp-json\/wp\/v2\/media?parent=16497"}],"wp:term":[{"taxonomy":"product_brand","embeddable":true,"href":"https:\/\/swingintonic.com\/es\/wp-json\/wp\/v2\/product_brand?post=16497"},{"taxonomy":"product_cat","embeddable":true,"href":"https:\/\/swingintonic.com\/es\/wp-json\/wp\/v2\/product_cat?post=16497"},{"taxonomy":"product_tag","embeddable":true,"href":"https:\/\/swingintonic.com\/es\/wp-json\/wp\/v2\/product_tag?post=16497"}],"curies":[{"name":"wp","href":"https:\/\/api.w.org\/{rel}","templated":true}]}}