{"id":15711,"date":"2023-01-05T19:02:51","date_gmt":"2023-01-05T19:02:51","guid":{"rendered":"https:\/\/swingintonic.com\/?page_id=15711"},"modified":"2026-02-09T11:11:07","modified_gmt":"2026-02-09T11:11:07","slug":"banda","status":"publish","type":"page","link":"https:\/\/swingintonic.com\/es\/banda\/","title":{"rendered":"Banda"},"content":{"rendered":"<div class=\"wpb-content-wrapper\"><p>[vc_row css_animation=\u00bb\u00bb row_type=\u00bbrow\u00bb use_row_as_full_screen_section=\u00bbno\u00bb type=\u00bbgrid\u00bb angled_section=\u00bbno\u00bb text_align=\u00bbleft\u00bb background_image_as_pattern=\u00bbwithout_pattern\u00bb padding_top=\u00bb50&#8243; background_color=\u00bb#120a0c\u00bb padding_bottom=\u00bb50&#8243; background_image=\u00bb15362&#8243; z_index=\u00bb\u00bb][vc_column][vc_column_text]<\/p>\n<div>\n<p class=\"04xlpa\">SWINGIN TONIC \u00a0\u00abBand\u00bb<\/p>\n<\/div>\n<p>[\/vc_column_text][\/vc_column][\/vc_row][vc_row css_animation=\u00bb\u00bb row_type=\u00bbrow\u00bb use_row_as_full_screen_section=\u00bbno\u00bb type=\u00bbfull_width\u00bb angled_section=\u00bbno\u00bb text_align=\u00bbleft\u00bb background_image_as_pattern=\u00bbwithout_pattern\u00bb][vc_column][vc_gallery type=\u00bbimage_grid\u00bb images=\u00bb16558,16568,16548,16554&#8243; img_size=\u00bbfull\u00bb column_number=\u00bb4&#8243; grayscale=\u00bbyes\u00bb images_space=\u00bbgallery_without_space\u00bb][\/vc_column][\/vc_row][vc_row css_animation=\u00bb\u00bb row_type=\u00bbrow\u00bb use_row_as_full_screen_section=\u00bbno\u00bb type=\u00bbfull_width\u00bb angled_section=\u00bbno\u00bb text_align=\u00bbleft\u00bb background_image_as_pattern=\u00bbwithout_pattern\u00bb][vc_column][vc_gallery type=\u00bbimage_grid\u00bb images=\u00bb16556,16552,16550,16582&#8243; img_size=\u00bbfull\u00bb column_number=\u00bb4&#8243; grayscale=\u00bbyes\u00bb images_space=\u00bbgallery_without_space\u00bb][\/vc_column][\/vc_row][vc_row css_animation=\u00bb\u00bb row_type=\u00bbrow\u00bb use_row_as_full_screen_section=\u00bbno\u00bb type=\u00bbgrid\u00bb angled_section=\u00bbno\u00bb text_align=\u00bbleft\u00bb background_image_as_pattern=\u00bbwithout_pattern\u00bb padding_top=\u00bb112&#8243; background_color=\u00bb#120a0c\u00bb padding_bottom=\u00bb137&#8243; background_image=\u00bb15362&#8243;][vc_column][vc_column_text]<\/p>\n<h3>SWINGIN TONIC \u00abBand\u00bb<\/h3>\n<p>[\/vc_column_text][vc_separator type=\u00bbsmall\u00bb position=\u00bbleft\u00bb up=\u00bb17&#8243; down=\u00bb57&#8243;][vc_separator type=\u00bbtransparent\u00bb up=\u00bb29&#8243; down=\u00bb0&#8243;][vc_column_text]<\/p>\n<div>\n<p class=\"04xlpa\"><span class=\"jsgrdq\">Esta banda, compuesta por siete m\u00fasicos con una larga trayectoria art\u00edstica, se presenta como la gran apuesta para eventos, en los que la alternancia en la intensidad y la variedad de estilos, dentro de su repertorio, sea necesario. Un repertorio con grandes influencias del swing, el jazz, la m\u00fasica manouche, el soul, el Rock&amp;Roll y el Blues. Swingin Tonic Band hace de cada actuaci\u00f3n un momento extraordinario e inolvidable.<\/span><\/p>\n<\/div>\n<div>\n<p class=\"04xlpa\"><span class=\"jsgrdq\">El entusiasmo, la pasi\u00f3n y la profesionalidad de sus componentes contagian alegr\u00eda y esta produce una comuni\u00f3n entre los artistas y el p\u00fablico presente. <\/span><\/p>\n<\/div>\n<div>\n<p class=\"04xlpa\"><span class=\"jsgrdq\">En 2023 editaron su primer \u00a0trabajo discogr\u00e1fico \u00abVa Sonando\u00bb con temas propios compuestos en espa\u00f1ol, italiano, ingl\u00e9s y franc\u00e9s, que delata el origen de los componentes de la banda. En 2025 sale a la luz el single \u00abCabaret\u00bb que sera el protagonista de abrir su proximo Album.<\/span><\/p>\n<\/div>\n<p>[\/vc_column_text][vc_column_text]Su repertorio revisita cl\u00e1sicos del g\u00e9nero de las d\u00e9cadas de los 40 y los 50, grandes canciones como It don\u00b4t mean a thing (Duke Ellington), L.O.V.E (Hit the road Jack), Tu vuo fa l\u2019americano (Renato Carosone), Volare (Domenico Modugno), La vie en rose (\u00c9dith Piaf) o temas m\u00e1s contempor\u00e1neos del rock llev\u00e1ndolos al estilo de la \u00e9poca como Black Betty (Ram Jam), Call me (Blondie) \u00f3 Bang Bang (Nancy Sinatra), electro-swing y musica balc\u00e1nica.[\/vc_column_text][vc_separator type=\u00bbtransparent\u00bb up=\u00bb45&#8243; down=\u00bb0&#8243;][vc_single_image image=\u00bb15280&#8243; qode_css_animation=\u00bb\u00bb][\/vc_column][\/vc_row][vc_row css_animation=\u00bb\u00bb row_type=\u00bbrow\u00bb use_row_as_full_screen_section=\u00bbno\u00bb type=\u00bbfull_width\u00bb angled_section=\u00bbno\u00bb text_align=\u00bbleft\u00bb background_image_as_pattern=\u00bbwithout_pattern\u00bb][vc_column][vc_video link=\u00bbhttps:\/\/www.youtube.com\/watch?v=YHf8KNqHbZU\u00bb][vc_separator type=\u00bbsmall\u00bb position=\u00bbleft\u00bb up=\u00bb17&#8243; down=\u00bb57&#8243;][vc_video link=\u00bbhttps:\/\/www.youtube.com\/watch?v=NWsh__1ScNc\u00bb][vc_separator type=\u00bbsmall\u00bb position=\u00bbleft\u00bb up=\u00bb17&#8243; down=\u00bb57&#8243;][vc_video link=\u00bbhttps:\/\/youtu.be\/SPO5HE1kP3s?si=B5P0Mw3sWBivfVgR\u00bb][\/vc_column][\/vc_row]<\/p>\n<\/div>","protected":false},"excerpt":{"rendered":"<p>[vc_row css_animation=\u00bb\u00bb row_type=\u00bbrow\u00bb use_row_as_full_screen_section=\u00bbno\u00bb type=\u00bbgrid\u00bb angled_section=\u00bbno\u00bb text_align=\u00bbleft\u00bb background_image_as_pattern=\u00bbwithout_pattern\u00bb padding_top=\u00bb50&#8243; background_color=\u00bb#120a0c\u00bb padding_bottom=\u00bb50&#8243; background_image=\u00bb15362&#8243; z_index=\u00bb\u00bb][vc_column][vc_column_text] SWINGIN TONIC \u00a0\u00abBand\u00bb [\/vc_column_text][\/vc_column][\/vc_row][vc_row css_animation=\u00bb\u00bb row_type=\u00bbrow\u00bb use_row_as_full_screen_section=\u00bbno\u00bb type=\u00bbfull_width\u00bb angled_section=\u00bbno\u00bb text_align=\u00bbleft\u00bb background_image_as_pattern=\u00bbwithout_pattern\u00bb][vc_column][vc_gallery type=\u00bbimage_grid\u00bb images=\u00bb16558,16568,16548,16554&#8243; img_size=\u00bbfull\u00bb column_number=\u00bb4&#8243; grayscale=\u00bbyes\u00bb images_space=\u00bbgallery_without_space\u00bb][\/vc_column][\/vc_row][vc_row css_animation=\u00bb\u00bb row_type=\u00bbrow\u00bb use_row_as_full_screen_section=\u00bbno\u00bb type=\u00bbfull_width\u00bb angled_section=\u00bbno\u00bb text_align=\u00bbleft\u00bb background_image_as_pattern=\u00bbwithout_pattern\u00bb][vc_column][vc_gallery type=\u00bbimage_grid\u00bb images=\u00bb16556,16552,16550,16582&#8243; img_size=\u00bbfull\u00bb column_number=\u00bb4&#8243; grayscale=\u00bbyes\u00bb images_space=\u00bbgallery_without_space\u00bb][\/vc_column][\/vc_row][vc_row css_animation=\u00bb\u00bb row_type=\u00bbrow\u00bb&#8230;<\/p>\n","protected":false},"author":1,"featured_media":0,"parent":0,"menu_order":0,"comment_status":"closed","ping_status":"closed","template":"full_width.php","meta":{"footnotes":""},"class_list":["post-15711","page","type-page","status-publish","hentry"],"_links":{"self":[{"href":"https:\/\/swingintonic.com\/es\/wp-json\/wp\/v2\/pages\/15711","targetHints":{"allow":["GET"]}}],"collection":[{"href":"https:\/\/swingintonic.com\/es\/wp-json\/wp\/v2\/pages"}],"about":[{"href":"https:\/\/swingintonic.com\/es\/wp-json\/wp\/v2\/types\/page"}],"author":[{"embeddable":true,"href":"https:\/\/swingintonic.com\/es\/wp-json\/wp\/v2\/users\/1"}],"replies":[{"embeddable":true,"href":"https:\/\/swingintonic.com\/es\/wp-json\/wp\/v2\/comments?post=15711"}],"version-history":[{"count":46,"href":"https:\/\/swingintonic.com\/es\/wp-json\/wp\/v2\/pages\/15711\/revisions"}],"predecessor-version":[{"id":16871,"href":"https:\/\/swingintonic.com\/es\/wp-json\/wp\/v2\/pages\/15711\/revisions\/16871"}],"wp:attachment":[{"href":"https:\/\/swingintonic.com\/es\/wp-json\/wp\/v2\/media?parent=15711"}],"curies":[{"name":"wp","href":"https:\/\/api.w.org\/{rel}","templated":true}]}}