{"id":15710,"date":"2023-01-05T19:02:51","date_gmt":"2023-01-05T19:02:51","guid":{"rendered":"https:\/\/swingintonic.com\/?page_id=15710"},"modified":"2026-02-05T11:30:55","modified_gmt":"2026-02-05T11:30:55","slug":"cuarteto","status":"publish","type":"page","link":"https:\/\/swingintonic.com\/es\/cuarteto\/","title":{"rendered":"Cuarteto"},"content":{"rendered":"<div class=\"wpb-content-wrapper\"><p>[vc_row css_animation=\u00bb\u00bb row_type=\u00bbrow\u00bb use_row_as_full_screen_section=\u00bbno\u00bb type=\u00bbgrid\u00bb angled_section=\u00bbno\u00bb text_align=\u00bbleft\u00bb background_image_as_pattern=\u00bbwithout_pattern\u00bb padding_top=\u00bb50&#8243; background_color=\u00bb#120a0c\u00bb padding_bottom=\u00bb50&#8243; background_image=\u00bb15362&#8243; z_index=\u00bb\u00bb][vc_column][vc_column_text]SWINGIN TONIC \u00a0\u00abCuarteto\u00bb[\/vc_column_text][\/vc_column][\/vc_row][vc_row css_animation=\u00bb\u00bb row_type=\u00bbrow\u00bb use_row_as_full_screen_section=\u00bbno\u00bb type=\u00bbfull_width\u00bb angled_section=\u00bbno\u00bb text_align=\u00bbleft\u00bb background_image_as_pattern=\u00bbwithout_pattern\u00bb][vc_column][vc_gallery type=\u00bbimage_grid\u00bb images=\u00bb16659,16639,16647,16651,16645,16641&#8243; img_size=\u00bbfull\u00bb column_number=\u00bb6&#8243; grayscale=\u00bbyes\u00bb images_space=\u00bbgallery_without_space\u00bb][\/vc_column][\/vc_row][vc_row css_animation=\u00bb\u00bb row_type=\u00bbrow\u00bb use_row_as_full_screen_section=\u00bbno\u00bb type=\u00bbgrid\u00bb angled_section=\u00bbno\u00bb text_align=\u00bbleft\u00bb background_image_as_pattern=\u00bbwithout_pattern\u00bb padding_top=\u00bb112&#8243; background_color=\u00bb#120a0c\u00bb padding_bottom=\u00bb137&#8243; background_image=\u00bb15362&#8243;][vc_column][vc_column_text]<\/p>\n<h3>Swingin Tonic \u00abCuarteto\u00bb<\/h3>\n<p>[\/vc_column_text][vc_separator type=\u00bbsmall\u00bb position=\u00bbleft\u00bb up=\u00bb17&#8243; down=\u00bb57&#8243;][vc_column_text]Cuarteto compuesto en su versi\u00f3n mas ac\u00fastica por Voz, Guitarra, Contrabajo y viol\u00edn saxo o piano. Y una versi\u00f3n mas el\u00e9ctrica con voz, guitarra el\u00e9ctrica, piano y bater\u00eda.<\/p>\n<p>\u00c9ste conjunto se presenta como una propuesta fresca y amena, con un repertorio de grandes cl\u00e1sicos del swing, el blues y el jazz, revisados y con arreglos propios, que le otorgan un sonido m\u00e1s actual sin hacer mella en su esencia.[\/vc_column_text][vc_separator type=\u00bbtransparent\u00bb up=\u00bb29&#8243; down=\u00bb0&#8243;][vc_column_text]El repertorio se pasea por cl\u00e1sicos como: Bella Chiao (popular), Mis Cellies Blues ( Quincy Jones), Je Veux (zaz), Hallelujah (Ray Charles), That Man (Caro Emereld), Tuyo (AMarante), Sway (Dean Martin), Mambo italiano (S. Loren), Route 66 (Chuck Berry)[\/vc_column_text][vc_separator type=\u00bbtransparent\u00bb up=\u00bb45&#8243; down=\u00bb0&#8243;][vc_single_image image=\u00bb15280&#8243; img_size=\u00bbfull\u00bb qode_css_animation=\u00bb\u00bb][vc_video link=\u00bbhttps:\/\/www.youtube.com\/watch?v=tMbYh7JPAEA\u00bb][\/vc_column][\/vc_row]<\/p>\n<\/div>","protected":false},"excerpt":{"rendered":"<p>[vc_row css_animation=\u00bb\u00bb row_type=\u00bbrow\u00bb use_row_as_full_screen_section=\u00bbno\u00bb type=\u00bbgrid\u00bb angled_section=\u00bbno\u00bb text_align=\u00bbleft\u00bb background_image_as_pattern=\u00bbwithout_pattern\u00bb padding_top=\u00bb50&#8243; background_color=\u00bb#120a0c\u00bb padding_bottom=\u00bb50&#8243; background_image=\u00bb15362&#8243; z_index=\u00bb\u00bb][vc_column][vc_column_text]SWINGIN TONIC \u00a0\u00abCuarteto\u00bb[\/vc_column_text][\/vc_column][\/vc_row][vc_row css_animation=\u00bb\u00bb row_type=\u00bbrow\u00bb use_row_as_full_screen_section=\u00bbno\u00bb type=\u00bbfull_width\u00bb angled_section=\u00bbno\u00bb text_align=\u00bbleft\u00bb background_image_as_pattern=\u00bbwithout_pattern\u00bb][vc_column][vc_gallery type=\u00bbimage_grid\u00bb images=\u00bb16659,16639,16647,16651,16645,16641&#8243; img_size=\u00bbfull\u00bb column_number=\u00bb6&#8243; grayscale=\u00bbyes\u00bb images_space=\u00bbgallery_without_space\u00bb][\/vc_column][\/vc_row][vc_row css_animation=\u00bb\u00bb row_type=\u00bbrow\u00bb use_row_as_full_screen_section=\u00bbno\u00bb type=\u00bbgrid\u00bb angled_section=\u00bbno\u00bb text_align=\u00bbleft\u00bb background_image_as_pattern=\u00bbwithout_pattern\u00bb padding_top=\u00bb112&#8243; background_color=\u00bb#120a0c\u00bb padding_bottom=\u00bb137&#8243; background_image=\u00bb15362&#8243;][vc_column][vc_column_text] Swingin Tonic \u00abCuarteto\u00bb [\/vc_column_text][vc_separator type=\u00bbsmall\u00bb position=\u00bbleft\u00bb&#8230;<\/p>\n","protected":false},"author":1,"featured_media":0,"parent":0,"menu_order":0,"comment_status":"open","ping_status":"closed","template":"full_width.php","meta":{"footnotes":""},"class_list":["post-15710","page","type-page","status-publish","hentry"],"_links":{"self":[{"href":"https:\/\/swingintonic.com\/es\/wp-json\/wp\/v2\/pages\/15710","targetHints":{"allow":["GET"]}}],"collection":[{"href":"https:\/\/swingintonic.com\/es\/wp-json\/wp\/v2\/pages"}],"about":[{"href":"https:\/\/swingintonic.com\/es\/wp-json\/wp\/v2\/types\/page"}],"author":[{"embeddable":true,"href":"https:\/\/swingintonic.com\/es\/wp-json\/wp\/v2\/users\/1"}],"replies":[{"embeddable":true,"href":"https:\/\/swingintonic.com\/es\/wp-json\/wp\/v2\/comments?post=15710"}],"version-history":[{"count":21,"href":"https:\/\/swingintonic.com\/es\/wp-json\/wp\/v2\/pages\/15710\/revisions"}],"predecessor-version":[{"id":16796,"href":"https:\/\/swingintonic.com\/es\/wp-json\/wp\/v2\/pages\/15710\/revisions\/16796"}],"wp:attachment":[{"href":"https:\/\/swingintonic.com\/es\/wp-json\/wp\/v2\/media?parent=15710"}],"curies":[{"name":"wp","href":"https:\/\/api.w.org\/{rel}","templated":true}]}}