{"id":15709,"date":"2023-01-05T19:02:51","date_gmt":"2023-01-05T19:02:51","guid":{"rendered":"https:\/\/swingintonic.com\/?page_id=15709"},"modified":"2025-06-02T15:43:23","modified_gmt":"2025-06-02T15:43:23","slug":"trio","status":"publish","type":"page","link":"https:\/\/swingintonic.com\/es\/trio\/","title":{"rendered":"Tr\u00edo"},"content":{"rendered":"<div class=\"wpb-content-wrapper\"><p>[vc_row css_animation=\u00bb\u00bb row_type=\u00bbrow\u00bb use_row_as_full_screen_section=\u00bbno\u00bb type=\u00bbgrid\u00bb angled_section=\u00bbno\u00bb text_align=\u00bbleft\u00bb background_image_as_pattern=\u00bbwithout_pattern\u00bb padding_top=\u00bb50&#8243; background_color=\u00bb#120a0c\u00bb padding_bottom=\u00bb50&#8243; background_image=\u00bb15362&#8243; z_index=\u00bb\u00bb][vc_column][vc_column_text]SWINGIN TONIC \u00a0\u00abTrio\u00bb[\/vc_column_text][\/vc_column][\/vc_row][vc_row css_animation=\u00bb\u00bb row_type=\u00bbrow\u00bb use_row_as_full_screen_section=\u00bbno\u00bb type=\u00bbfull_width\u00bb angled_section=\u00bbno\u00bb text_align=\u00bbleft\u00bb background_image_as_pattern=\u00bbwithout_pattern\u00bb][vc_column][vc_gallery type=\u00bbimage_grid\u00bb images=\u00bb16592,16610,16612,16600,16594,16596&#8243; img_size=\u00bbfull\u00bb column_number=\u00bb6&#8243; grayscale=\u00bbyes\u00bb images_space=\u00bbgallery_without_space\u00bb][\/vc_column][\/vc_row][vc_row css_animation=\u00bb\u00bb row_type=\u00bbrow\u00bb use_row_as_full_screen_section=\u00bbno\u00bb type=\u00bbgrid\u00bb angled_section=\u00bbno\u00bb text_align=\u00bbleft\u00bb background_image_as_pattern=\u00bbwithout_pattern\u00bb padding_top=\u00bb112&#8243; background_color=\u00bb#120a0c\u00bb padding_bottom=\u00bb137&#8243; background_image=\u00bb15362&#8243;][vc_column][vc_column_text]<\/p>\n<h3>Swingin Tonic Trio<\/h3>\n<p>[\/vc_column_text][vc_separator type=\u00bbsmall\u00bb position=\u00bbleft\u00bb up=\u00bb17&#8243; down=\u00bb57&#8243;][vc_column_text]El tr\u00edo, que est\u00e1 compuesto por Voz, Guitarra y un tercer instrumento; trompeta, saxo o contrabajo, seg\u00fan las preferencias musicales que requiera el evento.<\/p>\n<p>Este conjunto se presenta como una propuesta fresca y amena, con un repertorio de grandes cl\u00e1sicos del swing, el blues y el jazz, revisados y con arreglos propios, que le otorgan un sonido m\u00e1s actual sin hacer mella en su esencia[\/vc_column_text][vc_separator type=\u00bbtransparent\u00bb up=\u00bb29&#8243; down=\u00bb0&#8243;][vc_column_text]Grandes canciones como It don\u00b4t mean a thing. (Duke Ellington), L.O.V.E (Nat King Cole) Hit the road Jack (Ray Charles), Tu vuo fa l\u2019americano (Renato Carosone), Volare (Domenico Modugno), La vie en rose (\u00c9dith Piaf) o temas m\u00e1s contempor\u00e1neos del rock llev\u00e1ndolos al estilo de la \u00e9poca como Black Betty (Ram Jam), Call me (Blondie) \u00f3 Bang Bang (Nancy Sinatra) son la base de un repertorio que acierta en cada nota.[\/vc_column_text][vc_separator type=\u00bbtransparent\u00bb up=\u00bb45&#8243; down=\u00bb0&#8243;][vc_single_image image=\u00bb15280&#8243; qode_css_animation=\u00bb\u00bb][vc_video link=\u00bbhttps:\/\/www.youtube.com\/watch?v=wz_s42lUzqs\u00bb][vc_video link=\u00bbhttps:\/\/www.youtube.com\/watch?v=6N8Kf3X9UlU\u00bb][vc_video link=\u00bbhttps:\/\/youtu.be\/oFSdmxe0_3o?si=kJadVj9EwZXAL0Hd\u00bb][\/vc_column][\/vc_row]<\/p>\n<\/div>","protected":false},"excerpt":{"rendered":"<p>[vc_row css_animation=\u00bb\u00bb row_type=\u00bbrow\u00bb use_row_as_full_screen_section=\u00bbno\u00bb type=\u00bbgrid\u00bb angled_section=\u00bbno\u00bb text_align=\u00bbleft\u00bb background_image_as_pattern=\u00bbwithout_pattern\u00bb padding_top=\u00bb50&#8243; background_color=\u00bb#120a0c\u00bb padding_bottom=\u00bb50&#8243; background_image=\u00bb15362&#8243; z_index=\u00bb\u00bb][vc_column][vc_column_text]SWINGIN TONIC \u00a0\u00abTrio\u00bb[\/vc_column_text][\/vc_column][\/vc_row][vc_row css_animation=\u00bb\u00bb row_type=\u00bbrow\u00bb use_row_as_full_screen_section=\u00bbno\u00bb type=\u00bbfull_width\u00bb angled_section=\u00bbno\u00bb text_align=\u00bbleft\u00bb background_image_as_pattern=\u00bbwithout_pattern\u00bb][vc_column][vc_gallery type=\u00bbimage_grid\u00bb images=\u00bb16592,16610,16612,16600,16594,16596&#8243; img_size=\u00bbfull\u00bb column_number=\u00bb6&#8243; grayscale=\u00bbyes\u00bb images_space=\u00bbgallery_without_space\u00bb][\/vc_column][\/vc_row][vc_row css_animation=\u00bb\u00bb row_type=\u00bbrow\u00bb use_row_as_full_screen_section=\u00bbno\u00bb type=\u00bbgrid\u00bb angled_section=\u00bbno\u00bb text_align=\u00bbleft\u00bb background_image_as_pattern=\u00bbwithout_pattern\u00bb padding_top=\u00bb112&#8243; background_color=\u00bb#120a0c\u00bb padding_bottom=\u00bb137&#8243; background_image=\u00bb15362&#8243;][vc_column][vc_column_text] Swingin Tonic Trio [\/vc_column_text][vc_separator type=\u00bbsmall\u00bb position=\u00bbleft\u00bb&#8230;<\/p>\n","protected":false},"author":1,"featured_media":0,"parent":0,"menu_order":0,"comment_status":"open","ping_status":"closed","template":"full_width.php","meta":{"footnotes":""},"class_list":["post-15709","page","type-page","status-publish","hentry"],"_links":{"self":[{"href":"https:\/\/swingintonic.com\/es\/wp-json\/wp\/v2\/pages\/15709","targetHints":{"allow":["GET"]}}],"collection":[{"href":"https:\/\/swingintonic.com\/es\/wp-json\/wp\/v2\/pages"}],"about":[{"href":"https:\/\/swingintonic.com\/es\/wp-json\/wp\/v2\/types\/page"}],"author":[{"embeddable":true,"href":"https:\/\/swingintonic.com\/es\/wp-json\/wp\/v2\/users\/1"}],"replies":[{"embeddable":true,"href":"https:\/\/swingintonic.com\/es\/wp-json\/wp\/v2\/comments?post=15709"}],"version-history":[{"count":30,"href":"https:\/\/swingintonic.com\/es\/wp-json\/wp\/v2\/pages\/15709\/revisions"}],"predecessor-version":[{"id":16790,"href":"https:\/\/swingintonic.com\/es\/wp-json\/wp\/v2\/pages\/15709\/revisions\/16790"}],"wp:attachment":[{"href":"https:\/\/swingintonic.com\/es\/wp-json\/wp\/v2\/media?parent=15709"}],"curies":[{"name":"wp","href":"https:\/\/api.w.org\/{rel}","templated":true}]}}