{"id":15351,"date":"2014-12-17T15:00:44","date_gmt":"2014-12-17T15:00:44","guid":{"rendered":"http:\/\/demo.qodeinteractive.com\/bridge57\/?page_id=15351"},"modified":"2025-06-02T15:36:07","modified_gmt":"2025-06-02T15:36:07","slug":"duo","status":"publish","type":"page","link":"https:\/\/swingintonic.com\/es\/duo\/","title":{"rendered":"Duo"},"content":{"rendered":"<div class=\"wpb-content-wrapper\"><p>[vc_row css_animation=\u00bb\u00bb row_type=\u00bbrow\u00bb use_row_as_full_screen_section=\u00bbno\u00bb type=\u00bbgrid\u00bb angled_section=\u00bbno\u00bb text_align=\u00bbleft\u00bb background_image_as_pattern=\u00bbwithout_pattern\u00bb padding_top=\u00bb50&#8243; background_color=\u00bb#120a0c\u00bb padding_bottom=\u00bb50&#8243; background_image=\u00bb15362&#8243; z_index=\u00bb\u00bb][vc_column][vc_column_text]SWINGIN TONOC \u00a0\u00abDuo\u00bb[\/vc_column_text][\/vc_column][\/vc_row][vc_row css_animation=\u00bb\u00bb row_type=\u00bbrow\u00bb use_row_as_full_screen_section=\u00bbno\u00bb type=\u00bbfull_width\u00bb angled_section=\u00bbno\u00bb text_align=\u00bbleft\u00bb background_image_as_pattern=\u00bbwithout_pattern\u00bb][vc_column][vc_gallery type=\u00bbimage_grid\u00bb images=\u00bb16670,16672,16668,16680&#8243; img_size=\u00bbfull\u00bb column_number=\u00bb4&#8243; grayscale=\u00bbyes\u00bb images_space=\u00bbgallery_without_space\u00bb][\/vc_column][\/vc_row][vc_row css_animation=\u00bb\u00bb row_type=\u00bbrow\u00bb use_row_as_full_screen_section=\u00bbno\u00bb type=\u00bbgrid\u00bb angled_section=\u00bbno\u00bb text_align=\u00bbleft\u00bb background_image_as_pattern=\u00bbwithout_pattern\u00bb padding_top=\u00bb112&#8243; background_color=\u00bb#120a0c\u00bb padding_bottom=\u00bb137&#8243; background_image=\u00bb15362&#8243;][vc_column][vc_column_text]<\/p>\n<h3>Claudia Ottelli: Voz<\/h3>\n<h3>Iv\u00e1n Pacheco: Guitarra<\/h3>\n<p>[\/vc_column_text][vc_separator type=\u00bbsmall\u00bb position=\u00bbleft\u00bb up=\u00bb17&#8243; down=\u00bb57&#8243;][vc_separator type=\u00bbtransparent\u00bb up=\u00bb29&#8243; down=\u00bb0&#8243;][vc_column_text]El repertorio engloba una variedad de estilos que van desde el Swing y el Blues hasta abordar temas cl\u00e1sicos del Jazz.<\/p>\n<p>Esta propuesta musical, transporta al p\u00fablico a diversas \u00e9pocas que enmarcaron cada uno de los estilos que aborda. Una \u00e9poca memorable que vuelve a cobrar vida en Ibiza con toda su frescura original.[\/vc_column_text][vc_column_text]<\/p>\n<p>Su repertorio revisita cl\u00e1sicos del g\u00e9nero de las d\u00e9cadas de los 40 y los 50, grandes canciones como It don\u00b4t mean a thing (Duke Ellington), L.O.V.E (Hit the road Jack), Tu vuo fa l\u2019americano (Renato Carosone), Volare (Domenico Modugno), La vie en rose (\u00c9dith Piaf) o temas m\u00e1s contempor\u00e1neos del rock llev\u00e1ndolos al estilo de la \u00e9poca como Black Betty (Ram Jam), Call me (Blondie) \u00f3 Bang Bang (Nancy Sinatra)[\/vc_column_text][vc_separator type=\u00bbtransparent\u00bb up=\u00bb45&#8243; down=\u00bb0&#8243;][vc_single_image image=\u00bb15280&#8243; qode_css_animation=\u00bb\u00bb][vc_video link=\u00bbhttps:\/\/www.youtube.com\/watch?v=gATqfPBnBCs&amp;ab_channel=SWINGINGTONIC\u00bb][vc_video link=\u00bbhttps:\/\/www.youtube.com\/watch?v=i-wr0glHMMg&amp;ab_channel=SWINGINGTONIC\u00bb][vc_video link=\u00bbhttps:\/\/www.youtube.com\/watch?v=74qrqccbVBs\u00bb][vc_video link=\u00bbhttps:\/\/youtu.be\/ez-kdlitEhc?si=LhMu9KEWHkVGl5n_\u00bb][\/vc_column][\/vc_row]<\/p>\n<\/div>","protected":false},"excerpt":{"rendered":"<p>[vc_row css_animation=\u00bb\u00bb row_type=\u00bbrow\u00bb use_row_as_full_screen_section=\u00bbno\u00bb type=\u00bbgrid\u00bb angled_section=\u00bbno\u00bb text_align=\u00bbleft\u00bb background_image_as_pattern=\u00bbwithout_pattern\u00bb padding_top=\u00bb50&#8243; background_color=\u00bb#120a0c\u00bb padding_bottom=\u00bb50&#8243; background_image=\u00bb15362&#8243; z_index=\u00bb\u00bb][vc_column][vc_column_text]SWINGIN TONOC \u00a0\u00abDuo\u00bb[\/vc_column_text][\/vc_column][\/vc_row][vc_row css_animation=\u00bb\u00bb row_type=\u00bbrow\u00bb use_row_as_full_screen_section=\u00bbno\u00bb type=\u00bbfull_width\u00bb angled_section=\u00bbno\u00bb text_align=\u00bbleft\u00bb background_image_as_pattern=\u00bbwithout_pattern\u00bb][vc_column][vc_gallery type=\u00bbimage_grid\u00bb images=\u00bb16670,16672,16668,16680&#8243; img_size=\u00bbfull\u00bb column_number=\u00bb4&#8243; grayscale=\u00bbyes\u00bb images_space=\u00bbgallery_without_space\u00bb][\/vc_column][\/vc_row][vc_row css_animation=\u00bb\u00bb row_type=\u00bbrow\u00bb use_row_as_full_screen_section=\u00bbno\u00bb type=\u00bbgrid\u00bb angled_section=\u00bbno\u00bb text_align=\u00bbleft\u00bb background_image_as_pattern=\u00bbwithout_pattern\u00bb padding_top=\u00bb112&#8243; background_color=\u00bb#120a0c\u00bb padding_bottom=\u00bb137&#8243; background_image=\u00bb15362&#8243;][vc_column][vc_column_text] Claudia Ottelli: Voz Iv\u00e1n Pacheco: Guitarra&#8230;<\/p>\n","protected":false},"author":1,"featured_media":0,"parent":0,"menu_order":0,"comment_status":"open","ping_status":"closed","template":"full_width.php","meta":{"footnotes":""},"class_list":["post-15351","page","type-page","status-publish","hentry"],"_links":{"self":[{"href":"https:\/\/swingintonic.com\/es\/wp-json\/wp\/v2\/pages\/15351","targetHints":{"allow":["GET"]}}],"collection":[{"href":"https:\/\/swingintonic.com\/es\/wp-json\/wp\/v2\/pages"}],"about":[{"href":"https:\/\/swingintonic.com\/es\/wp-json\/wp\/v2\/types\/page"}],"author":[{"embeddable":true,"href":"https:\/\/swingintonic.com\/es\/wp-json\/wp\/v2\/users\/1"}],"replies":[{"embeddable":true,"href":"https:\/\/swingintonic.com\/es\/wp-json\/wp\/v2\/comments?post=15351"}],"version-history":[{"count":42,"href":"https:\/\/swingintonic.com\/es\/wp-json\/wp\/v2\/pages\/15351\/revisions"}],"predecessor-version":[{"id":16867,"href":"https:\/\/swingintonic.com\/es\/wp-json\/wp\/v2\/pages\/15351\/revisions\/16867"}],"wp:attachment":[{"href":"https:\/\/swingintonic.com\/es\/wp-json\/wp\/v2\/media?parent=15351"}],"curies":[{"name":"wp","href":"https:\/\/api.w.org\/{rel}","templated":true}]}}